{"id":2144,"date":"2021-01-09T01:24:50","date_gmt":"2021-01-09T00:24:50","guid":{"rendered":"https:\/\/astronomska-revija-spika.si\/trgovina\/?post_type=product&#038;p=2144"},"modified":"2021-01-09T01:27:27","modified_gmt":"2021-01-09T00:27:27","slug":"celestron-maksutov-mc-127-1500-nexstar-127-slt-goto","status":"publish","type":"product","link":"https:\/\/astronomska-revija-spika.si\/trgovina\/product\/celestron-maksutov-mc-127-1500-nexstar-127-slt-goto\/","title":{"rendered":"Celestron Maksutov MC 127\/1500 NexStar 127 SLT GoTo"},"content":{"rendered":"","protected":false},"excerpt":{"rendered":"<p>Kompakten in prenosljiv Maksutov teleskop z ra\u010dunalni\u0161kim vodenjem (Go-To) in drugimi naprednimi funkcijami. Teleskop je primeren za vse za\u010detnike.<\/p>\n","protected":false},"featured_media":2145,"comment_status":"open","ping_status":"closed","template":"","meta":[],"class_list":["post-2144","product","type-product","status-publish","has-post-thumbnail","hentry","product_cat-reflektorji-zrcalni","product_cat-teleskopi-kompleti","product_cat-teleskopi-primerni-za-zacetnike"],"yoast_head":"<!-- This site is optimized with the Yoast SEO plugin v15.5 - https:\/\/yoast.com\/wordpress\/plugins\/seo\/ -->\n<title>Celestron Maksutov MC 127\/1500 NexStar 127 SLT GoTo - Twinstar<\/title>\n<meta name=\"robots\" content=\"index, follow, max-snippet:-1, max-image-preview:large, max-video-preview:-1\" \/>\n<link rel=\"canonical\" href=\"https:\/\/astronomska-revija-spika.si\/trgovina\/product\/celestron-maksutov-mc-127-1500-nexstar-127-slt-goto\/\" \/>\n<meta property=\"og:locale\" content=\"sl_SI\" \/>\n<meta property=\"og:type\" content=\"article\" \/>\n<meta property=\"og:title\" content=\"Celestron Maksutov MC 127\/1500 NexStar 127 SLT GoTo - Twinstar\" \/>\n<meta property=\"og:description\" content=\"Kompakten in prenosljiv Maksutov teleskop z ra\u010dunalni\u0161kim vodenjem (Go-To) in drugimi naprednimi funkcijami. Teleskop je primeren za vse za\u010detnike.\" \/>\n<meta property=\"og:url\" content=\"https:\/\/astronomska-revija-spika.si\/trgovina\/product\/celestron-maksutov-mc-127-1500-nexstar-127-slt-goto\/\" \/>\n<meta property=\"og:site_name\" content=\"Twinstar\" \/>\n<meta property=\"article:modified_time\" content=\"2021-01-09T00:27:27+00:00\" \/>\n<meta property=\"og:image\" content=\"https:\/\/astronomska-revija-spika.si\/trgovina\/wp-content\/uploads\/2021\/01\/Celestron-Maksutov-telescope-MC-127-1500-NexStar-127-SLT-GoTo.jpg\" \/>\n\t<meta property=\"og:image:width\" content=\"800\" \/>\n\t<meta property=\"og:image:height\" content=\"800\" \/>\n<meta name=\"twitter:card\" content=\"summary_large_image\" \/>\n<script type=\"application\/ld+json\" class=\"yoast-schema-graph\">{\"@context\":\"https:\/\/schema.org\",\"@graph\":[{\"@type\":\"WebSite\",\"@id\":\"https:\/\/astronomska-revija-spika.si\/trgovina\/#website\",\"url\":\"https:\/\/astronomska-revija-spika.si\/trgovina\/\",\"name\":\"Twinstar\",\"description\":\"astronomski teleskopi, oprema in literatura\",\"potentialAction\":[{\"@type\":\"SearchAction\",\"target\":\"https:\/\/astronomska-revija-spika.si\/trgovina\/?s={search_term_string}\",\"query-input\":\"required name=search_term_string\"}],\"inLanguage\":\"sl-SI\"},{\"@type\":\"ImageObject\",\"@id\":\"https:\/\/astronomska-revija-spika.si\/trgovina\/product\/celestron-maksutov-mc-127-1500-nexstar-127-slt-goto\/#primaryimage\",\"inLanguage\":\"sl-SI\",\"url\":\"https:\/\/astronomska-revija-spika.si\/trgovina\/wp-content\/uploads\/2021\/01\/Celestron-Maksutov-telescope-MC-127-1500-NexStar-127-SLT-GoTo.jpg\",\"width\":800,\"height\":800},{\"@type\":\"WebPage\",\"@id\":\"https:\/\/astronomska-revija-spika.si\/trgovina\/product\/celestron-maksutov-mc-127-1500-nexstar-127-slt-goto\/#webpage\",\"url\":\"https:\/\/astronomska-revija-spika.si\/trgovina\/product\/celestron-maksutov-mc-127-1500-nexstar-127-slt-goto\/\",\"name\":\"Celestron Maksutov MC 127\/1500 NexStar 127 SLT GoTo - Twinstar\",\"isPartOf\":{\"@id\":\"https:\/\/astronomska-revija-spika.si\/trgovina\/#website\"},\"primaryImageOfPage\":{\"@id\":\"https:\/\/astronomska-revija-spika.si\/trgovina\/product\/celestron-maksutov-mc-127-1500-nexstar-127-slt-goto\/#primaryimage\"},\"datePublished\":\"2021-01-09T00:24:50+00:00\",\"dateModified\":\"2021-01-09T00:27:27+00:00\",\"inLanguage\":\"sl-SI\",\"potentialAction\":[{\"@type\":\"ReadAction\",\"target\":[\"https:\/\/astronomska-revija-spika.si\/trgovina\/product\/celestron-maksutov-mc-127-1500-nexstar-127-slt-goto\/\"]}]}]}<\/script>\n<!-- \/ Yoast SEO plugin. -->","_links":{"self":[{"href":"https:\/\/astronomska-revija-spika.si\/trgovina\/wp-json\/wp\/v2\/product\/2144","targetHints":{"allow":["GET"]}}],"collection":[{"href":"https:\/\/astronomska-revija-spika.si\/trgovina\/wp-json\/wp\/v2\/product"}],"about":[{"href":"https:\/\/astronomska-revija-spika.si\/trgovina\/wp-json\/wp\/v2\/types\/product"}],"replies":[{"embeddable":true,"href":"https:\/\/astronomska-revija-spika.si\/trgovina\/wp-json\/wp\/v2\/comments?post=2144"}],"wp:featuredmedia":[{"embeddable":true,"href":"https:\/\/astronomska-revija-spika.si\/trgovina\/wp-json\/wp\/v2\/media\/2145"}],"wp:attachment":[{"href":"https:\/\/astronomska-revija-spika.si\/trgovina\/wp-json\/wp\/v2\/media?parent=2144"}],"curies":[{"name":"wp","href":"https:\/\/api.w.org\/{rel}","templated":true}]}}