{"id":2147,"date":"2021-01-09T01:28:45","date_gmt":"2021-01-09T00:28:45","guid":{"rendered":"https:\/\/astronomska-revija-spika.si\/trgovina\/?post_type=product&#038;p=2147"},"modified":"2021-01-09T16:21:04","modified_gmt":"2021-01-09T15:21:04","slug":"celestron-ac-102-660-nexstar-102-slt-goto","status":"publish","type":"product","link":"https:\/\/astronomska-revija-spika.si\/trgovina\/product\/celestron-ac-102-660-nexstar-102-slt-goto\/","title":{"rendered":"Celestron AC 102\/660 NexStar 102 SLT GoTo"},"content":{"rendered":"","protected":false},"excerpt":{"rendered":"<p>Priro\u010den 102 milimetrski refraktor z ra\u010dunalni\u0161kim vodenjem (Go-To) in drugimi naprednimi funkcijami. Teleskop je primeren za vse za\u010detnike.<\/p>\n","protected":false},"featured_media":2161,"comment_status":"open","ping_status":"closed","template":"","meta":[],"class_list":["post-2147","product","type-product","status-publish","has-post-thumbnail","hentry","product_cat-refraktorji-lecni","product_cat-teleskopi-kompleti","product_cat-teleskopi-primerni-za-zacetnike"],"yoast_head":"<!-- This site is optimized with the Yoast SEO plugin v15.5 - https:\/\/yoast.com\/wordpress\/plugins\/seo\/ -->\n<title>Celestron AC 102\/660 NexStar 102 SLT GoTo - Twinstar<\/title>\n<meta name=\"robots\" content=\"index, follow, max-snippet:-1, max-image-preview:large, max-video-preview:-1\" \/>\n<link rel=\"canonical\" href=\"https:\/\/astronomska-revija-spika.si\/trgovina\/product\/celestron-ac-102-660-nexstar-102-slt-goto\/\" \/>\n<meta property=\"og:locale\" content=\"sl_SI\" \/>\n<meta property=\"og:type\" content=\"article\" \/>\n<meta property=\"og:title\" content=\"Celestron AC 102\/660 NexStar 102 SLT GoTo - Twinstar\" \/>\n<meta property=\"og:description\" content=\"Priro\u010den 102 milimetrski refraktor z ra\u010dunalni\u0161kim vodenjem (Go-To) in drugimi naprednimi funkcijami. Teleskop je primeren za vse za\u010detnike.\" \/>\n<meta property=\"og:url\" content=\"https:\/\/astronomska-revija-spika.si\/trgovina\/product\/celestron-ac-102-660-nexstar-102-slt-goto\/\" \/>\n<meta property=\"og:site_name\" content=\"Twinstar\" \/>\n<meta property=\"article:modified_time\" content=\"2021-01-09T15:21:04+00:00\" \/>\n<meta property=\"og:image\" content=\"https:\/\/astronomska-revija-spika.si\/trgovina\/wp-content\/uploads\/2021\/01\/Celestron-Telescope-AC-102-660-NexStar-102-SLT-GoTo.jpeg\" \/>\n\t<meta property=\"og:image:width\" content=\"1600\" \/>\n\t<meta property=\"og:image:height\" content=\"1600\" \/>\n<meta name=\"twitter:card\" content=\"summary_large_image\" \/>\n<script type=\"application\/ld+json\" class=\"yoast-schema-graph\">{\"@context\":\"https:\/\/schema.org\",\"@graph\":[{\"@type\":\"WebSite\",\"@id\":\"https:\/\/astronomska-revija-spika.si\/trgovina\/#website\",\"url\":\"https:\/\/astronomska-revija-spika.si\/trgovina\/\",\"name\":\"Twinstar\",\"description\":\"astronomski teleskopi, oprema in literatura\",\"potentialAction\":[{\"@type\":\"SearchAction\",\"target\":\"https:\/\/astronomska-revija-spika.si\/trgovina\/?s={search_term_string}\",\"query-input\":\"required name=search_term_string\"}],\"inLanguage\":\"sl-SI\"},{\"@type\":\"ImageObject\",\"@id\":\"https:\/\/astronomska-revija-spika.si\/trgovina\/product\/celestron-ac-102-660-nexstar-102-slt-goto\/#primaryimage\",\"inLanguage\":\"sl-SI\",\"url\":\"https:\/\/astronomska-revija-spika.si\/trgovina\/wp-content\/uploads\/2021\/01\/Celestron-Telescope-AC-102-660-NexStar-102-SLT-GoTo.jpeg\",\"width\":1600,\"height\":1600},{\"@type\":\"WebPage\",\"@id\":\"https:\/\/astronomska-revija-spika.si\/trgovina\/product\/celestron-ac-102-660-nexstar-102-slt-goto\/#webpage\",\"url\":\"https:\/\/astronomska-revija-spika.si\/trgovina\/product\/celestron-ac-102-660-nexstar-102-slt-goto\/\",\"name\":\"Celestron AC 102\/660 NexStar 102 SLT GoTo - Twinstar\",\"isPartOf\":{\"@id\":\"https:\/\/astronomska-revija-spika.si\/trgovina\/#website\"},\"primaryImageOfPage\":{\"@id\":\"https:\/\/astronomska-revija-spika.si\/trgovina\/product\/celestron-ac-102-660-nexstar-102-slt-goto\/#primaryimage\"},\"datePublished\":\"2021-01-09T00:28:45+00:00\",\"dateModified\":\"2021-01-09T15:21:04+00:00\",\"inLanguage\":\"sl-SI\",\"potentialAction\":[{\"@type\":\"ReadAction\",\"target\":[\"https:\/\/astronomska-revija-spika.si\/trgovina\/product\/celestron-ac-102-660-nexstar-102-slt-goto\/\"]}]}]}<\/script>\n<!-- \/ Yoast SEO plugin. -->","_links":{"self":[{"href":"https:\/\/astronomska-revija-spika.si\/trgovina\/wp-json\/wp\/v2\/product\/2147","targetHints":{"allow":["GET"]}}],"collection":[{"href":"https:\/\/astronomska-revija-spika.si\/trgovina\/wp-json\/wp\/v2\/product"}],"about":[{"href":"https:\/\/astronomska-revija-spika.si\/trgovina\/wp-json\/wp\/v2\/types\/product"}],"replies":[{"embeddable":true,"href":"https:\/\/astronomska-revija-spika.si\/trgovina\/wp-json\/wp\/v2\/comments?post=2147"}],"wp:featuredmedia":[{"embeddable":true,"href":"https:\/\/astronomska-revija-spika.si\/trgovina\/wp-json\/wp\/v2\/media\/2161"}],"wp:attachment":[{"href":"https:\/\/astronomska-revija-spika.si\/trgovina\/wp-json\/wp\/v2\/media?parent=2147"}],"curies":[{"name":"wp","href":"https:\/\/api.w.org\/{rel}","templated":true}]}}