{"id":2152,"date":"2021-01-09T01:36:05","date_gmt":"2021-01-09T00:36:05","guid":{"rendered":"https:\/\/astronomska-revija-spika.si\/trgovina\/?post_type=product&#038;p=2152"},"modified":"2021-01-09T01:37:40","modified_gmt":"2021-01-09T00:37:40","slug":"celestron-schmidt-cassegrain-sc-203-2032-edgehd-800-avx-goto","status":"publish","type":"product","link":"https:\/\/astronomska-revija-spika.si\/trgovina\/product\/celestron-schmidt-cassegrain-sc-203-2032-edgehd-800-avx-goto\/","title":{"rendered":"Celestron Schmidt-Cassegrain SC 203\/2032 EdgeHD 800 AVX GoTo"},"content":{"rendered":"","protected":false},"excerpt":{"rendered":"<p>Vrhunski teleskop z EdgeHD\u00a0 opti\u010dnim sistemom in ra\u010dunalni\u0161kim vodenjem (Go-To) ter drugimi naprednimi funkcijami. Teleskop je primeren za napredne uporabnike in astrofotografe.<\/p>\n","protected":false},"featured_media":2153,"comment_status":"open","ping_status":"closed","template":"","meta":[],"class_list":["post-2152","product","type-product","status-publish","has-post-thumbnail","hentry","product_cat-reflektorji-zrcalni","product_cat-teleskopi-kompleti"],"yoast_head":"<!-- This site is optimized with the Yoast SEO plugin v15.5 - https:\/\/yoast.com\/wordpress\/plugins\/seo\/ -->\n<title>Celestron Schmidt-Cassegrain SC 203\/2032 EdgeHD 800 AVX GoTo - Twinstar<\/title>\n<meta name=\"robots\" content=\"index, follow, max-snippet:-1, max-image-preview:large, max-video-preview:-1\" \/>\n<link rel=\"canonical\" href=\"https:\/\/astronomska-revija-spika.si\/trgovina\/product\/celestron-schmidt-cassegrain-sc-203-2032-edgehd-800-avx-goto\/\" \/>\n<meta property=\"og:locale\" content=\"sl_SI\" \/>\n<meta property=\"og:type\" content=\"article\" \/>\n<meta property=\"og:title\" content=\"Celestron Schmidt-Cassegrain SC 203\/2032 EdgeHD 800 AVX GoTo - Twinstar\" \/>\n<meta property=\"og:description\" content=\"Vrhunski teleskop z EdgeHD\u00a0 opti\u010dnim sistemom in ra\u010dunalni\u0161kim vodenjem (Go-To) ter drugimi naprednimi funkcijami. Teleskop je primeren za napredne uporabnike in astrofotografe.\" \/>\n<meta property=\"og:url\" content=\"https:\/\/astronomska-revija-spika.si\/trgovina\/product\/celestron-schmidt-cassegrain-sc-203-2032-edgehd-800-avx-goto\/\" \/>\n<meta property=\"og:site_name\" content=\"Twinstar\" \/>\n<meta property=\"article:modified_time\" content=\"2021-01-09T00:37:40+00:00\" \/>\n<meta property=\"og:image\" content=\"https:\/\/astronomska-revija-spika.si\/trgovina\/wp-content\/uploads\/2021\/01\/Celestron-Schmidt-Cassegrain-telescope-SC-203-2032-EdgeHD-800-AVX-GoTo.jpg\" \/>\n\t<meta property=\"og:image:width\" content=\"800\" \/>\n\t<meta property=\"og:image:height\" content=\"800\" \/>\n<meta name=\"twitter:card\" content=\"summary_large_image\" \/>\n<script type=\"application\/ld+json\" class=\"yoast-schema-graph\">{\"@context\":\"https:\/\/schema.org\",\"@graph\":[{\"@type\":\"WebSite\",\"@id\":\"https:\/\/astronomska-revija-spika.si\/trgovina\/#website\",\"url\":\"https:\/\/astronomska-revija-spika.si\/trgovina\/\",\"name\":\"Twinstar\",\"description\":\"astronomski teleskopi, oprema in literatura\",\"potentialAction\":[{\"@type\":\"SearchAction\",\"target\":\"https:\/\/astronomska-revija-spika.si\/trgovina\/?s={search_term_string}\",\"query-input\":\"required name=search_term_string\"}],\"inLanguage\":\"sl-SI\"},{\"@type\":\"ImageObject\",\"@id\":\"https:\/\/astronomska-revija-spika.si\/trgovina\/product\/celestron-schmidt-cassegrain-sc-203-2032-edgehd-800-avx-goto\/#primaryimage\",\"inLanguage\":\"sl-SI\",\"url\":\"https:\/\/astronomska-revija-spika.si\/trgovina\/wp-content\/uploads\/2021\/01\/Celestron-Schmidt-Cassegrain-telescope-SC-203-2032-EdgeHD-800-AVX-GoTo.jpg\",\"width\":800,\"height\":800},{\"@type\":\"WebPage\",\"@id\":\"https:\/\/astronomska-revija-spika.si\/trgovina\/product\/celestron-schmidt-cassegrain-sc-203-2032-edgehd-800-avx-goto\/#webpage\",\"url\":\"https:\/\/astronomska-revija-spika.si\/trgovina\/product\/celestron-schmidt-cassegrain-sc-203-2032-edgehd-800-avx-goto\/\",\"name\":\"Celestron Schmidt-Cassegrain SC 203\/2032 EdgeHD 800 AVX GoTo - Twinstar\",\"isPartOf\":{\"@id\":\"https:\/\/astronomska-revija-spika.si\/trgovina\/#website\"},\"primaryImageOfPage\":{\"@id\":\"https:\/\/astronomska-revija-spika.si\/trgovina\/product\/celestron-schmidt-cassegrain-sc-203-2032-edgehd-800-avx-goto\/#primaryimage\"},\"datePublished\":\"2021-01-09T00:36:05+00:00\",\"dateModified\":\"2021-01-09T00:37:40+00:00\",\"inLanguage\":\"sl-SI\",\"potentialAction\":[{\"@type\":\"ReadAction\",\"target\":[\"https:\/\/astronomska-revija-spika.si\/trgovina\/product\/celestron-schmidt-cassegrain-sc-203-2032-edgehd-800-avx-goto\/\"]}]}]}<\/script>\n<!-- \/ Yoast SEO plugin. -->","_links":{"self":[{"href":"https:\/\/astronomska-revija-spika.si\/trgovina\/wp-json\/wp\/v2\/product\/2152","targetHints":{"allow":["GET"]}}],"collection":[{"href":"https:\/\/astronomska-revija-spika.si\/trgovina\/wp-json\/wp\/v2\/product"}],"about":[{"href":"https:\/\/astronomska-revija-spika.si\/trgovina\/wp-json\/wp\/v2\/types\/product"}],"replies":[{"embeddable":true,"href":"https:\/\/astronomska-revija-spika.si\/trgovina\/wp-json\/wp\/v2\/comments?post=2152"}],"wp:featuredmedia":[{"embeddable":true,"href":"https:\/\/astronomska-revija-spika.si\/trgovina\/wp-json\/wp\/v2\/media\/2153"}],"wp:attachment":[{"href":"https:\/\/astronomska-revija-spika.si\/trgovina\/wp-json\/wp\/v2\/media?parent=2152"}],"curies":[{"name":"wp","href":"https:\/\/api.w.org\/{rel}","templated":true}]}}