{"id":2155,"date":"2021-01-09T01:38:56","date_gmt":"2021-01-09T00:38:56","guid":{"rendered":"https:\/\/astronomska-revija-spika.si\/trgovina\/?post_type=product&#038;p=2155"},"modified":"2021-01-09T01:42:01","modified_gmt":"2021-01-09T00:42:01","slug":"skywatcher-dobson-n-150-1200-skyliner-classic-dob","status":"publish","type":"product","link":"https:\/\/astronomska-revija-spika.si\/trgovina\/product\/skywatcher-dobson-n-150-1200-skyliner-classic-dob\/","title":{"rendered":"Skywatcher Dobson N 150\/1200 Skyliner Classic DOB"},"content":{"rendered":"","protected":false},"excerpt":{"rendered":"<p>Med za\u010detniki zelo priljubljen teleskop na Dosbon monta\u017ei ima resni\u010dno vse, kar potrebuje za\u010detnik. Enostaven in priro\u010den za rokovanje!<\/p>\n","protected":false},"featured_media":2156,"comment_status":"open","ping_status":"closed","template":"","meta":[],"class_list":["post-2155","product","type-product","status-publish","has-post-thumbnail","hentry","product_cat-dobson","product_cat-teleskopi-kompleti","product_cat-teleskopi-primerni-za-zacetnike"],"yoast_head":"<!-- This site is optimized with the Yoast SEO plugin v15.5 - https:\/\/yoast.com\/wordpress\/plugins\/seo\/ -->\n<title>Skywatcher Dobson N 150\/1200 Skyliner Classic DOB - Twinstar<\/title>\n<meta name=\"robots\" content=\"index, follow, max-snippet:-1, max-image-preview:large, max-video-preview:-1\" \/>\n<link rel=\"canonical\" href=\"https:\/\/astronomska-revija-spika.si\/trgovina\/product\/skywatcher-dobson-n-150-1200-skyliner-classic-dob\/\" \/>\n<meta property=\"og:locale\" content=\"sl_SI\" \/>\n<meta property=\"og:type\" content=\"article\" \/>\n<meta property=\"og:title\" content=\"Skywatcher Dobson N 150\/1200 Skyliner Classic DOB - Twinstar\" \/>\n<meta property=\"og:description\" content=\"Med za\u010detniki zelo priljubljen teleskop na Dosbon monta\u017ei ima resni\u010dno vse, kar potrebuje za\u010detnik. Enostaven in priro\u010den za rokovanje!\" \/>\n<meta property=\"og:url\" content=\"https:\/\/astronomska-revija-spika.si\/trgovina\/product\/skywatcher-dobson-n-150-1200-skyliner-classic-dob\/\" \/>\n<meta property=\"og:site_name\" content=\"Twinstar\" \/>\n<meta property=\"article:modified_time\" content=\"2021-01-09T00:42:01+00:00\" \/>\n<meta property=\"og:image\" content=\"https:\/\/astronomska-revija-spika.si\/trgovina\/wp-content\/uploads\/2021\/01\/Skywatcher-Dobson-telescope-N-150-1200-Skyliner-Classic-DOB.jpg\" \/>\n\t<meta property=\"og:image:width\" content=\"800\" \/>\n\t<meta property=\"og:image:height\" content=\"800\" \/>\n<meta name=\"twitter:card\" content=\"summary_large_image\" \/>\n<script type=\"application\/ld+json\" class=\"yoast-schema-graph\">{\"@context\":\"https:\/\/schema.org\",\"@graph\":[{\"@type\":\"WebSite\",\"@id\":\"https:\/\/astronomska-revija-spika.si\/trgovina\/#website\",\"url\":\"https:\/\/astronomska-revija-spika.si\/trgovina\/\",\"name\":\"Twinstar\",\"description\":\"astronomski teleskopi, oprema in literatura\",\"potentialAction\":[{\"@type\":\"SearchAction\",\"target\":\"https:\/\/astronomska-revija-spika.si\/trgovina\/?s={search_term_string}\",\"query-input\":\"required name=search_term_string\"}],\"inLanguage\":\"sl-SI\"},{\"@type\":\"ImageObject\",\"@id\":\"https:\/\/astronomska-revija-spika.si\/trgovina\/product\/skywatcher-dobson-n-150-1200-skyliner-classic-dob\/#primaryimage\",\"inLanguage\":\"sl-SI\",\"url\":\"https:\/\/astronomska-revija-spika.si\/trgovina\/wp-content\/uploads\/2021\/01\/Skywatcher-Dobson-telescope-N-150-1200-Skyliner-Classic-DOB.jpg\",\"width\":800,\"height\":800},{\"@type\":\"WebPage\",\"@id\":\"https:\/\/astronomska-revija-spika.si\/trgovina\/product\/skywatcher-dobson-n-150-1200-skyliner-classic-dob\/#webpage\",\"url\":\"https:\/\/astronomska-revija-spika.si\/trgovina\/product\/skywatcher-dobson-n-150-1200-skyliner-classic-dob\/\",\"name\":\"Skywatcher Dobson N 150\/1200 Skyliner Classic DOB - Twinstar\",\"isPartOf\":{\"@id\":\"https:\/\/astronomska-revija-spika.si\/trgovina\/#website\"},\"primaryImageOfPage\":{\"@id\":\"https:\/\/astronomska-revija-spika.si\/trgovina\/product\/skywatcher-dobson-n-150-1200-skyliner-classic-dob\/#primaryimage\"},\"datePublished\":\"2021-01-09T00:38:56+00:00\",\"dateModified\":\"2021-01-09T00:42:01+00:00\",\"inLanguage\":\"sl-SI\",\"potentialAction\":[{\"@type\":\"ReadAction\",\"target\":[\"https:\/\/astronomska-revija-spika.si\/trgovina\/product\/skywatcher-dobson-n-150-1200-skyliner-classic-dob\/\"]}]}]}<\/script>\n<!-- \/ Yoast SEO plugin. -->","_links":{"self":[{"href":"https:\/\/astronomska-revija-spika.si\/trgovina\/wp-json\/wp\/v2\/product\/2155","targetHints":{"allow":["GET"]}}],"collection":[{"href":"https:\/\/astronomska-revija-spika.si\/trgovina\/wp-json\/wp\/v2\/product"}],"about":[{"href":"https:\/\/astronomska-revija-spika.si\/trgovina\/wp-json\/wp\/v2\/types\/product"}],"replies":[{"embeddable":true,"href":"https:\/\/astronomska-revija-spika.si\/trgovina\/wp-json\/wp\/v2\/comments?post=2155"}],"wp:featuredmedia":[{"embeddable":true,"href":"https:\/\/astronomska-revija-spika.si\/trgovina\/wp-json\/wp\/v2\/media\/2156"}],"wp:attachment":[{"href":"https:\/\/astronomska-revija-spika.si\/trgovina\/wp-json\/wp\/v2\/media?parent=2155"}],"curies":[{"name":"wp","href":"https:\/\/api.w.org\/{rel}","templated":true}]}}