{"id":2292,"date":"2021-01-19T21:41:11","date_gmt":"2021-01-19T20:41:11","guid":{"rendered":"https:\/\/astronomska-revija-spika.si\/trgovina\/?post_type=product&#038;p=2292"},"modified":"2021-01-19T22:35:29","modified_gmt":"2021-01-19T21:35:29","slug":"baader-q-turret-1-25-komplet-okularjev","status":"publish","type":"product","link":"https:\/\/astronomska-revija-spika.si\/trgovina\/product\/baader-q-turret-1-25-komplet-okularjev\/","title":{"rendered":"Baader Q-Turret 1.25&#8243; komplet okularjev"},"content":{"rendered":"","protected":false},"excerpt":{"rendered":"<p>Kvaliteten komplet \u0161tirih okularjev (Classic Ortho 6,10,18 mm in Pl\u00f6ssl 32mmz) z 2.25x Q-Barlow le\u010do in Q-turret vrte\u010dim nosilcem za priro\u010dno uporabo.<\/p>\n","protected":false},"featured_media":2293,"comment_status":"open","ping_status":"closed","template":"","meta":[],"class_list":["post-2292","product","type-product","status-publish","has-post-thumbnail","hentry","product_cat-dodatna-oprema","product_cat-okularji"],"yoast_head":"<!-- This site is optimized with the Yoast SEO plugin v15.5 - https:\/\/yoast.com\/wordpress\/plugins\/seo\/ -->\n<title>Baader Q-Turret 1.25&quot; komplet okularjev - Twinstar<\/title>\n<meta name=\"robots\" content=\"index, follow, max-snippet:-1, max-image-preview:large, max-video-preview:-1\" \/>\n<link rel=\"canonical\" href=\"https:\/\/astronomska-revija-spika.si\/trgovina\/product\/baader-q-turret-1-25-komplet-okularjev\/\" \/>\n<meta property=\"og:locale\" content=\"sl_SI\" \/>\n<meta property=\"og:type\" content=\"article\" \/>\n<meta property=\"og:title\" content=\"Baader Q-Turret 1.25&quot; komplet okularjev - Twinstar\" \/>\n<meta property=\"og:description\" content=\"Kvaliteten komplet \u0161tirih okularjev (Classic Ortho 6,10,18 mm in Pl\u00f6ssl 32mmz) z 2.25x Q-Barlow le\u010do in Q-turret vrte\u010dim nosilcem za priro\u010dno uporabo.\" \/>\n<meta property=\"og:url\" content=\"https:\/\/astronomska-revija-spika.si\/trgovina\/product\/baader-q-turret-1-25-komplet-okularjev\/\" \/>\n<meta property=\"og:site_name\" content=\"Twinstar\" \/>\n<meta property=\"article:modified_time\" content=\"2021-01-19T21:35:29+00:00\" \/>\n<meta property=\"og:image\" content=\"https:\/\/astronomska-revija-spika.si\/trgovina\/wp-content\/uploads\/2021\/01\/Baader-Q-Turret-1-25-okularji.jpg\" \/>\n\t<meta property=\"og:image:width\" content=\"800\" \/>\n\t<meta property=\"og:image:height\" content=\"800\" \/>\n<meta name=\"twitter:card\" content=\"summary_large_image\" \/>\n<script type=\"application\/ld+json\" class=\"yoast-schema-graph\">{\"@context\":\"https:\/\/schema.org\",\"@graph\":[{\"@type\":\"WebSite\",\"@id\":\"https:\/\/astronomska-revija-spika.si\/trgovina\/#website\",\"url\":\"https:\/\/astronomska-revija-spika.si\/trgovina\/\",\"name\":\"Twinstar\",\"description\":\"astronomski teleskopi, oprema in literatura\",\"potentialAction\":[{\"@type\":\"SearchAction\",\"target\":\"https:\/\/astronomska-revija-spika.si\/trgovina\/?s={search_term_string}\",\"query-input\":\"required name=search_term_string\"}],\"inLanguage\":\"sl-SI\"},{\"@type\":\"ImageObject\",\"@id\":\"https:\/\/astronomska-revija-spika.si\/trgovina\/product\/baader-q-turret-1-25-komplet-okularjev\/#primaryimage\",\"inLanguage\":\"sl-SI\",\"url\":\"https:\/\/astronomska-revija-spika.si\/trgovina\/wp-content\/uploads\/2021\/01\/Baader-Q-Turret-1-25-okularji.jpg\",\"width\":800,\"height\":800,\"caption\":\"Baader-Q-Turret-okularji-teleskop\"},{\"@type\":\"WebPage\",\"@id\":\"https:\/\/astronomska-revija-spika.si\/trgovina\/product\/baader-q-turret-1-25-komplet-okularjev\/#webpage\",\"url\":\"https:\/\/astronomska-revija-spika.si\/trgovina\/product\/baader-q-turret-1-25-komplet-okularjev\/\",\"name\":\"Baader Q-Turret 1.25\\\" komplet okularjev - Twinstar\",\"isPartOf\":{\"@id\":\"https:\/\/astronomska-revija-spika.si\/trgovina\/#website\"},\"primaryImageOfPage\":{\"@id\":\"https:\/\/astronomska-revija-spika.si\/trgovina\/product\/baader-q-turret-1-25-komplet-okularjev\/#primaryimage\"},\"datePublished\":\"2021-01-19T20:41:11+00:00\",\"dateModified\":\"2021-01-19T21:35:29+00:00\",\"inLanguage\":\"sl-SI\",\"potentialAction\":[{\"@type\":\"ReadAction\",\"target\":[\"https:\/\/astronomska-revija-spika.si\/trgovina\/product\/baader-q-turret-1-25-komplet-okularjev\/\"]}]}]}<\/script>\n<!-- \/ Yoast SEO plugin. -->","_links":{"self":[{"href":"https:\/\/astronomska-revija-spika.si\/trgovina\/wp-json\/wp\/v2\/product\/2292","targetHints":{"allow":["GET"]}}],"collection":[{"href":"https:\/\/astronomska-revija-spika.si\/trgovina\/wp-json\/wp\/v2\/product"}],"about":[{"href":"https:\/\/astronomska-revija-spika.si\/trgovina\/wp-json\/wp\/v2\/types\/product"}],"replies":[{"embeddable":true,"href":"https:\/\/astronomska-revija-spika.si\/trgovina\/wp-json\/wp\/v2\/comments?post=2292"}],"wp:featuredmedia":[{"embeddable":true,"href":"https:\/\/astronomska-revija-spika.si\/trgovina\/wp-json\/wp\/v2\/media\/2293"}],"wp:attachment":[{"href":"https:\/\/astronomska-revija-spika.si\/trgovina\/wp-json\/wp\/v2\/media?parent=2292"}],"curies":[{"name":"wp","href":"https:\/\/api.w.org\/{rel}","templated":true}]}}