{"id":2320,"date":"2021-01-20T16:28:02","date_gmt":"2021-01-20T15:28:02","guid":{"rendered":"https:\/\/astronomska-revija-spika.si\/trgovina\/?post_type=product&#038;p=2320"},"modified":"2025-11-18T13:20:09","modified_gmt":"2025-11-18T12:20:09","slug":"celestron-n-76-300-cometron-firstscope","status":"publish","type":"product","link":"https:\/\/astronomska-revija-spika.si\/trgovina\/product\/celestron-n-76-300-cometron-firstscope\/","title":{"rendered":"Celestron N 76\/300 Cometron FirstScope"},"content":{"rendered":"<p>V kompletu s teleskopom pride iskalo in dva okularja, ki nam omogo\u010data uporabno 15x in 30x pove\u010davo!<\/p>\n","protected":false},"excerpt":{"rendered":"<p>Teleskop je primeren za za\u010detnike in otroke! Z njim lahko opazujemo Luno in vse planete pri razli\u010dnih pove\u010davah. Odlikuje ga kvalitetna optika, majhna te\u017ea in enostavna uporaba!<\/p>\n<p>&nbsp;<\/p>\n<p>&nbsp;<\/p>\n","protected":false},"featured_media":2321,"comment_status":"open","ping_status":"closed","template":"","meta":[],"class_list":["post-2320","product","type-product","status-publish","has-post-thumbnail","hentry","product_cat-dobson","product_cat-teleskopi-kompleti","product_cat-teleskopi-primerni-za-zacetnike"],"yoast_head":"<!-- This site is optimized with the Yoast SEO plugin v15.5 - https:\/\/yoast.com\/wordpress\/plugins\/seo\/ -->\n<title>Celestron N 76\/300 Cometron FirstScope - Twinstar<\/title>\n<meta name=\"robots\" content=\"index, follow, max-snippet:-1, max-image-preview:large, max-video-preview:-1\" \/>\n<link rel=\"canonical\" href=\"https:\/\/astronomska-revija-spika.si\/trgovina\/product\/celestron-n-76-300-cometron-firstscope\/\" \/>\n<meta property=\"og:locale\" content=\"sl_SI\" \/>\n<meta property=\"og:type\" content=\"article\" \/>\n<meta property=\"og:title\" content=\"Celestron N 76\/300 Cometron FirstScope - Twinstar\" \/>\n<meta property=\"og:description\" content=\"Teleskop je primeren za za\u010detnike in otroke! Z njim lahko opazujemo Luno in vse planete pri razli\u010dnih pove\u010davah. Odlikuje ga kvalitetna optika, majhna te\u017ea in enostavna uporaba!  &nbsp;  &nbsp;\" \/>\n<meta property=\"og:url\" content=\"https:\/\/astronomska-revija-spika.si\/trgovina\/product\/celestron-n-76-300-cometron-firstscope\/\" \/>\n<meta property=\"og:site_name\" content=\"Twinstar\" \/>\n<meta property=\"article:modified_time\" content=\"2025-11-18T12:20:09+00:00\" \/>\n<meta property=\"og:image\" content=\"https:\/\/astronomska-revija-spika.si\/trgovina\/wp-content\/uploads\/2021\/01\/Celestron-Dobson-teleskop-N-76-300-Cometron-FirstScope-zacetnik-otroci.jpg\" \/>\n\t<meta property=\"og:image:width\" content=\"800\" \/>\n\t<meta property=\"og:image:height\" content=\"800\" \/>\n<meta name=\"twitter:card\" content=\"summary_large_image\" \/>\n<meta name=\"twitter:label1\" content=\"Est. reading time\">\n\t<meta name=\"twitter:data1\" content=\"0 minut\">\n<script type=\"application\/ld+json\" class=\"yoast-schema-graph\">{\"@context\":\"https:\/\/schema.org\",\"@graph\":[{\"@type\":\"WebSite\",\"@id\":\"https:\/\/astronomska-revija-spika.si\/trgovina\/#website\",\"url\":\"https:\/\/astronomska-revija-spika.si\/trgovina\/\",\"name\":\"Twinstar\",\"description\":\"astronomski teleskopi, oprema in literatura\",\"potentialAction\":[{\"@type\":\"SearchAction\",\"target\":\"https:\/\/astronomska-revija-spika.si\/trgovina\/?s={search_term_string}\",\"query-input\":\"required name=search_term_string\"}],\"inLanguage\":\"sl-SI\"},{\"@type\":\"ImageObject\",\"@id\":\"https:\/\/astronomska-revija-spika.si\/trgovina\/product\/celestron-n-76-300-cometron-firstscope\/#primaryimage\",\"inLanguage\":\"sl-SI\",\"url\":\"https:\/\/astronomska-revija-spika.si\/trgovina\/wp-content\/uploads\/2021\/01\/Celestron-Dobson-teleskop-N-76-300-Cometron-FirstScope-zacetnik-otroci.jpg\",\"width\":800,\"height\":800,\"caption\":\"Teleskop za otroke.\"},{\"@type\":\"WebPage\",\"@id\":\"https:\/\/astronomska-revija-spika.si\/trgovina\/product\/celestron-n-76-300-cometron-firstscope\/#webpage\",\"url\":\"https:\/\/astronomska-revija-spika.si\/trgovina\/product\/celestron-n-76-300-cometron-firstscope\/\",\"name\":\"Celestron N 76\/300 Cometron FirstScope - Twinstar\",\"isPartOf\":{\"@id\":\"https:\/\/astronomska-revija-spika.si\/trgovina\/#website\"},\"primaryImageOfPage\":{\"@id\":\"https:\/\/astronomska-revija-spika.si\/trgovina\/product\/celestron-n-76-300-cometron-firstscope\/#primaryimage\"},\"datePublished\":\"2021-01-20T15:28:02+00:00\",\"dateModified\":\"2025-11-18T12:20:09+00:00\",\"inLanguage\":\"sl-SI\",\"potentialAction\":[{\"@type\":\"ReadAction\",\"target\":[\"https:\/\/astronomska-revija-spika.si\/trgovina\/product\/celestron-n-76-300-cometron-firstscope\/\"]}]}]}<\/script>\n<!-- \/ Yoast SEO plugin. -->","_links":{"self":[{"href":"https:\/\/astronomska-revija-spika.si\/trgovina\/wp-json\/wp\/v2\/product\/2320","targetHints":{"allow":["GET"]}}],"collection":[{"href":"https:\/\/astronomska-revija-spika.si\/trgovina\/wp-json\/wp\/v2\/product"}],"about":[{"href":"https:\/\/astronomska-revija-spika.si\/trgovina\/wp-json\/wp\/v2\/types\/product"}],"replies":[{"embeddable":true,"href":"https:\/\/astronomska-revija-spika.si\/trgovina\/wp-json\/wp\/v2\/comments?post=2320"}],"wp:featuredmedia":[{"embeddable":true,"href":"https:\/\/astronomska-revija-spika.si\/trgovina\/wp-json\/wp\/v2\/media\/2321"}],"wp:attachment":[{"href":"https:\/\/astronomska-revija-spika.si\/trgovina\/wp-json\/wp\/v2\/media?parent=2320"}],"curies":[{"name":"wp","href":"https:\/\/api.w.org\/{rel}","templated":true}]}}