{"id":2410,"date":"2025-01-22T08:50:21","date_gmt":"2025-01-22T07:50:21","guid":{"rendered":"https:\/\/astronomska-revija-spika.si\/trgovina\/?post_type=product&#038;p=2410"},"modified":"2025-01-30T11:37:22","modified_gmt":"2025-01-30T10:37:22","slug":"ocala-za-varno-opazovanje-sonca","status":"publish","type":"product","link":"https:\/\/astronomska-revija-spika.si\/trgovina\/product\/ocala-za-varno-opazovanje-sonca\/","title":{"rendered":"O\u010dala za varno opazovanje Sonca in Son\u010devega mrka"},"content":{"rendered":"<p>Za\u0161\u010ditna o\u010dala za varno opazovanje Sonca\/Son\u010devega mrka se enostavna za uporabo. Le z njimi lahko varno opazujete delne faze Son\u010devega mrka!<\/p>\n","protected":false},"excerpt":{"rendered":"<p>Za\u0161\u010ditna o\u010dala za varno opazovanje Sonca\/Son\u010devega mrka se enostavna za uporabo. Le z njimi lahko varno opazujete delne faze Son\u010devega mrka!<\/p>\n","protected":false},"featured_media":2411,"comment_status":"open","ping_status":"closed","template":"","meta":[],"class_list":["post-2410","product","type-product","status-publish","has-post-thumbnail","hentry","product_cat-dodatna-oprema","product_cat-filtri-za-sonce"],"yoast_head":"<!-- This site is optimized with the Yoast SEO plugin v15.5 - https:\/\/yoast.com\/wordpress\/plugins\/seo\/ -->\n<title>O\u010dala za varno opazovanje Sonca in Son\u010devega mrka - Twinstar<\/title>\n<meta name=\"robots\" content=\"index, follow, max-snippet:-1, max-image-preview:large, max-video-preview:-1\" \/>\n<link rel=\"canonical\" href=\"https:\/\/astronomska-revija-spika.si\/trgovina\/product\/ocala-za-varno-opazovanje-sonca\/\" \/>\n<meta property=\"og:locale\" content=\"sl_SI\" \/>\n<meta property=\"og:type\" content=\"article\" \/>\n<meta property=\"og:title\" content=\"O\u010dala za varno opazovanje Sonca in Son\u010devega mrka - Twinstar\" \/>\n<meta property=\"og:description\" content=\"Za\u0161\u010ditna o\u010dala za varno opazovanje Sonca\/Son\u010devega mrka se enostavna za uporabo. Le z njimi lahko varno opazujete delne faze Son\u010devega mrka!\" \/>\n<meta property=\"og:url\" content=\"https:\/\/astronomska-revija-spika.si\/trgovina\/product\/ocala-za-varno-opazovanje-sonca\/\" \/>\n<meta property=\"og:site_name\" content=\"Twinstar\" \/>\n<meta property=\"article:modified_time\" content=\"2025-01-30T10:37:22+00:00\" \/>\n<meta property=\"og:image\" content=\"https:\/\/astronomska-revija-spika.si\/trgovina\/wp-content\/uploads\/2025\/01\/ocala-za-opazovanje-sonca.jpg\" \/>\n\t<meta property=\"og:image:width\" content=\"600\" \/>\n\t<meta property=\"og:image:height\" content=\"600\" \/>\n<meta name=\"twitter:card\" content=\"summary_large_image\" \/>\n<meta name=\"twitter:label1\" content=\"Est. reading time\">\n\t<meta name=\"twitter:data1\" content=\"0 minut\">\n<script type=\"application\/ld+json\" class=\"yoast-schema-graph\">{\"@context\":\"https:\/\/schema.org\",\"@graph\":[{\"@type\":\"WebSite\",\"@id\":\"https:\/\/astronomska-revija-spika.si\/trgovina\/#website\",\"url\":\"https:\/\/astronomska-revija-spika.si\/trgovina\/\",\"name\":\"Twinstar\",\"description\":\"astronomski teleskopi, oprema in literatura\",\"potentialAction\":[{\"@type\":\"SearchAction\",\"target\":\"https:\/\/astronomska-revija-spika.si\/trgovina\/?s={search_term_string}\",\"query-input\":\"required name=search_term_string\"}],\"inLanguage\":\"sl-SI\"},{\"@type\":\"ImageObject\",\"@id\":\"https:\/\/astronomska-revija-spika.si\/trgovina\/product\/ocala-za-varno-opazovanje-sonca\/#primaryimage\",\"inLanguage\":\"sl-SI\",\"url\":\"https:\/\/astronomska-revija-spika.si\/trgovina\/wp-content\/uploads\/2025\/01\/ocala-za-opazovanje-sonca.jpg\",\"width\":600,\"height\":600,\"caption\":\"O\\u010dala za varno opazovanje Sonca.\"},{\"@type\":\"WebPage\",\"@id\":\"https:\/\/astronomska-revija-spika.si\/trgovina\/product\/ocala-za-varno-opazovanje-sonca\/#webpage\",\"url\":\"https:\/\/astronomska-revija-spika.si\/trgovina\/product\/ocala-za-varno-opazovanje-sonca\/\",\"name\":\"O\\u010dala za varno opazovanje Sonca in Son\\u010devega mrka - Twinstar\",\"isPartOf\":{\"@id\":\"https:\/\/astronomska-revija-spika.si\/trgovina\/#website\"},\"primaryImageOfPage\":{\"@id\":\"https:\/\/astronomska-revija-spika.si\/trgovina\/product\/ocala-za-varno-opazovanje-sonca\/#primaryimage\"},\"datePublished\":\"2025-01-22T07:50:21+00:00\",\"dateModified\":\"2025-01-30T10:37:22+00:00\",\"inLanguage\":\"sl-SI\",\"potentialAction\":[{\"@type\":\"ReadAction\",\"target\":[\"https:\/\/astronomska-revija-spika.si\/trgovina\/product\/ocala-za-varno-opazovanje-sonca\/\"]}]}]}<\/script>\n<!-- \/ Yoast SEO plugin. -->","_links":{"self":[{"href":"https:\/\/astronomska-revija-spika.si\/trgovina\/wp-json\/wp\/v2\/product\/2410","targetHints":{"allow":["GET"]}}],"collection":[{"href":"https:\/\/astronomska-revija-spika.si\/trgovina\/wp-json\/wp\/v2\/product"}],"about":[{"href":"https:\/\/astronomska-revija-spika.si\/trgovina\/wp-json\/wp\/v2\/types\/product"}],"replies":[{"embeddable":true,"href":"https:\/\/astronomska-revija-spika.si\/trgovina\/wp-json\/wp\/v2\/comments?post=2410"}],"wp:featuredmedia":[{"embeddable":true,"href":"https:\/\/astronomska-revija-spika.si\/trgovina\/wp-json\/wp\/v2\/media\/2411"}],"wp:attachment":[{"href":"https:\/\/astronomska-revija-spika.si\/trgovina\/wp-json\/wp\/v2\/media?parent=2410"}],"curies":[{"name":"wp","href":"https:\/\/api.w.org\/{rel}","templated":true}]}}